{"id":5711,"date":"2022-09-22T15:35:29","date_gmt":"2022-09-22T12:35:29","guid":{"rendered":"https:\/\/www.humico.lv\/about-us\/"},"modified":"2022-09-27T11:05:53","modified_gmt":"2022-09-27T08:05:53","slug":"about-us","status":"publish","type":"page","link":"https:\/\/humico.lv\/en\/about-us\/","title":{"rendered":"About us"},"content":{"rendered":"<div class=\"inherit-container-width wp-block-group alignfull has-background is-layout-constrained\" style=\"background-color:#edf2ed\"><div class=\"wp-block-group__inner-container\">\n<h2 class=\"wp-block-heading\"><strong>About us<\/strong><\/h2>\n<\/div><\/div>\n\n<div style=\"height:70px\" aria-hidden=\"true\" class=\"wp-block-spacer\"><\/div>\n\n<div class=\"wp-block-columns about_content_section is-layout-flex wp-container-4\">\n<div class=\"wp-block-column about_content_body_1 is-layout-flow\">\n<h2 class=\"wp-block-heading\"><strong><strong>HUMICO<\/strong><\/strong> is a humus solution<\/h2>\n\n\n\n<p>Humus bio-molecules help plants retain water and ionised nutrients obtained from organic biomass, compost or other fertilizers. Humic acids contain positive ions (cations) which are more easily absorbed by negatively charged plant roots, thus improving the transfer of micronutrients to a plant\u2019s nutrient system. Addition of organic compounds is definitely a great way to remineralize soil which is depleted or in which there are no chemical reactions happening. For example, sandy soils with poor cation exchange capacity (CEC) are bad at retaining nutrient cations, and these cations can easily get washed down to deeper layers of the soil where they become unavailable for plants.<\/p>\n\n\n\n<p>Decomposition of compost and other organic matter is not an effective way to increase soil\u2019s humus levels. Compost decomposes quickly, producing mineral substances and releasing carbon in the atmosphere as CO2. On the other hand, humus substances consist of stable, long-lasting molecules. On average, humus components decompose within approximately 1140 to 1235 years (based on radiocarbon dating, using undisturbed soil samples) depending on humic acid\u2019s molecular mass. <\/p>\n\n\n\n<figure class=\"wp-block-image size-large\"><img decoding=\"async\" loading=\"lazy\" width=\"1024\" height=\"961\" src=\"https:\/\/humico.lv\/wp-content\/uploads\/2022\/03\/blogs1-1024x961.jpg\" alt=\"\" class=\"wp-image-4617\" srcset=\"https:\/\/humico.lv\/wp-content\/uploads\/2022\/03\/blogs1-1024x961.jpg 1024w, https:\/\/humico.lv\/wp-content\/uploads\/2022\/03\/blogs1-600x563.jpg 600w, https:\/\/humico.lv\/wp-content\/uploads\/2022\/03\/blogs1-300x282.jpg 300w, https:\/\/humico.lv\/wp-content\/uploads\/2022\/03\/blogs1-768x721.jpg 768w, https:\/\/humico.lv\/wp-content\/uploads\/2022\/03\/blogs1.jpg 1200w\" sizes=\"(max-width: 1024px) 100vw, 1024px\" \/><\/figure>\n<\/div>\n\n\n\n<div class=\"wp-block-column about_content_body_2 is-layout-flow\">\n<figure class=\"wp-block-image size-large\"><img decoding=\"async\" loading=\"lazy\" width=\"1024\" height=\"683\" src=\"https:\/\/humico.lv\/wp-content\/uploads\/2022\/03\/produkts1-1024x683.jpg\" alt=\"\" class=\"wp-image-4010\" srcset=\"https:\/\/humico.lv\/wp-content\/uploads\/2022\/03\/produkts1-1024x683.jpg 1024w, https:\/\/humico.lv\/wp-content\/uploads\/2022\/03\/produkts1-scaled-600x400.jpg 600w, https:\/\/humico.lv\/wp-content\/uploads\/2022\/03\/produkts1-300x200.jpg 300w, https:\/\/humico.lv\/wp-content\/uploads\/2022\/03\/produkts1-768x512.jpg 768w, https:\/\/humico.lv\/wp-content\/uploads\/2022\/03\/produkts1-1536x1024.jpg 1536w, https:\/\/humico.lv\/wp-content\/uploads\/2022\/03\/produkts1-2048x1365.jpg 2048w\" sizes=\"(max-width: 1024px) 100vw, 1024px\" \/><\/figure>\n\n\n\n<p>In order to actually restore soil, improve its CEC, layer thickness and porosity, increase water retention capacity and thus create a healthier environment for all plants, their roots and microorganisms, humus needs to be used. Humus is a soil chemical that consists of amino acids.<\/p>\n\n\n\n<p>The amount of calories in compost can be scientifically measured. Even in composts of highest quality, it is less than 5 percent. Moreover, you cannot really expect perfect amino acid ratio in compost due to variability in production quality control and ingredients, thus it is unlikely that all amino acids will completely turn into humus. Compost and other organic soil supplements are not reliable means to increase soil\u2019s humus content.<\/p>\n\n\n\n<p>According to scientific studies, one of the most obvious benefits of humus is related to clay porosity. Humus aggregation makes clay more porous, soft and aerobic, with better drainage properties, thus allowing the roots of all plants to grow deeper. It is important to note that this also increases soil\u2019s pH level. <\/p>\n<\/div>\n<\/div>\n\n<div class=\"wp-block-columns about_content_section is-layout-flex wp-container-6\">\n<div class=\"wp-block-column about_content_body_1 is-layout-flow\">\n<h2 class=\"wp-block-heading\"><strong><strong>Company values<\/strong><\/strong><\/h2>\n\n\n\n<p>Humico team is diligently working on adding value to Latvia\u2019s national treasure \u2014 peat, which is one of the most valuable resources for soil improvement. A product enhancing plant growth and increasing yield, meanwhile improving soil quality and reducing its degradation, is being offered in the market.<\/p>\n<\/div>\n<\/div>\n\n<div style=\"height:70px\" aria-hidden=\"true\" class=\"wp-block-spacer\"><\/div>\n\n<div class=\"inherit-container-width wp-block-group alignfull has-background is-layout-constrained\" style=\"background-color:#f4f4f4\"><div class=\"wp-block-group__inner-container\">\n<h1 class=\"wp-block-heading\">Humico team<\/h1>\n<\/div><\/div>\n\n<div class=\"inherit-container-width wp-block-group about-theme is-layout-constrained\"><div class=\"wp-block-group__inner-container\">\n<div class=\"wp-block-columns about_person_content is-layout-flex wp-container-11\">\n<div class=\"wp-block-column about_person_body is-layout-flow\">\n<figure class=\"wp-block-image size-large\"><img decoding=\"async\" loading=\"lazy\" width=\"1024\" height=\"1024\" src=\"https:\/\/humico.lv\/wp-content\/uploads\/2022\/03\/Kristine-1024x1024.jpg\" alt=\"\" class=\"wp-image-4613\" srcset=\"https:\/\/humico.lv\/wp-content\/uploads\/2022\/03\/Kristine-1024x1024.jpg 1024w, https:\/\/humico.lv\/wp-content\/uploads\/2022\/03\/Kristine-300x300.jpg 300w, https:\/\/humico.lv\/wp-content\/uploads\/2022\/03\/Kristine-100x100.jpg 100w, https:\/\/humico.lv\/wp-content\/uploads\/2022\/03\/Kristine-600x600.jpg 600w, https:\/\/humico.lv\/wp-content\/uploads\/2022\/03\/Kristine-150x150.jpg 150w, https:\/\/humico.lv\/wp-content\/uploads\/2022\/03\/Kristine-768x768.jpg 768w, https:\/\/humico.lv\/wp-content\/uploads\/2022\/03\/Kristine.jpg 1200w\" sizes=\"(max-width: 1024px) 100vw, 1024px\" \/><\/figure>\n\n\n\n<h3 class=\"wp-block-heading\"><strong>Krist\u012bne Irti\u0161eva<\/strong><\/h3>\n\n\n\n<p class=\"lg\">Chemical Technologist<\/p>\n\n\n\n<p>Studies for doctor\u2019s degree in chemical technologies at Riga Technical University; has been researching peat processing processes and their optimisation for the last six years. Actively participates in the development of ecology-related projects, including projects related to effective waste recovery. Krist\u012bne has authored 7 scientific publications. Studies on use of peat binding agent in production of biocomposite materials and granules, as well as for improvement of soil quality and adsorbtion of petroleum products, have served as the basis for founding SIA HUMICO. <\/p>\n<\/div>\n\n\n\n<div class=\"wp-block-column about_person_body is-layout-flow\">\n<figure class=\"wp-block-image size-large\"><img decoding=\"async\" loading=\"lazy\" width=\"1024\" height=\"1024\" src=\"https:\/\/humico.lv\/wp-content\/uploads\/2022\/03\/Aigars-1024x1024.jpg\" alt=\"\" class=\"wp-image-4614\" srcset=\"https:\/\/humico.lv\/wp-content\/uploads\/2022\/03\/Aigars-1024x1024.jpg 1024w, https:\/\/humico.lv\/wp-content\/uploads\/2022\/03\/Aigars-300x300.jpg 300w, https:\/\/humico.lv\/wp-content\/uploads\/2022\/03\/Aigars-100x100.jpg 100w, https:\/\/humico.lv\/wp-content\/uploads\/2022\/03\/Aigars-600x600.jpg 600w, https:\/\/humico.lv\/wp-content\/uploads\/2022\/03\/Aigars-150x150.jpg 150w, https:\/\/humico.lv\/wp-content\/uploads\/2022\/03\/Aigars-768x768.jpg 768w, https:\/\/humico.lv\/wp-content\/uploads\/2022\/03\/Aigars.jpg 1100w\" sizes=\"(max-width: 1024px) 100vw, 1024px\" \/><\/figure>\n\n\n\n<h3 class=\"wp-block-heading\"><strong>Aigars B\u0113rzi\u0146\u0161<\/strong><\/h3>\n\n\n\n<p class=\"lg\">Entrepreneur<\/p>\n\n\n\n<p>Has master\u2019s degree in engineering obtained at Latvia University of Agriculture. Has started and managed several companies in various production and trade sectors, providing sustainable and effective operation and development, as well as compliance with all legally required certifications and product registration requirements. Has owned a certified organic farming company, has vast experience in ecological project implementation. Actively uses his experience in operation of SIA HUMICO.<\/p>\n<\/div>\n\n\n\n<div class=\"wp-block-column about_person_body is-layout-flow\">\n<figure class=\"wp-block-image size-large\"><img decoding=\"async\" loading=\"lazy\" width=\"1024\" height=\"1024\" src=\"https:\/\/humico.lv\/wp-content\/uploads\/2022\/03\/Andrejs-03-1024x1024.jpg\" alt=\"\" class=\"wp-image-4920\" srcset=\"https:\/\/humico.lv\/wp-content\/uploads\/2022\/03\/Andrejs-03-1024x1024.jpg 1024w, https:\/\/humico.lv\/wp-content\/uploads\/2022\/03\/Andrejs-03-300x300.jpg 300w, https:\/\/humico.lv\/wp-content\/uploads\/2022\/03\/Andrejs-03-100x100.jpg 100w, https:\/\/humico.lv\/wp-content\/uploads\/2022\/03\/Andrejs-03-600x600.jpg 600w, https:\/\/humico.lv\/wp-content\/uploads\/2022\/03\/Andrejs-03-150x150.jpg 150w, https:\/\/humico.lv\/wp-content\/uploads\/2022\/03\/Andrejs-03-768x768.jpg 768w, https:\/\/humico.lv\/wp-content\/uploads\/2022\/03\/Andrejs-03.jpg 1200w\" sizes=\"(max-width: 1024px) 100vw, 1024px\" \/><\/figure>\n\n\n\n<h3 class=\"wp-block-heading\"><strong>Andrejs \u0160i\u0161kins<\/strong><\/h3>\n\n\n\n<p class=\"lg\">Chemical Nanotechnologist<\/p>\n\n\n\n<p>Andrejs has obtained doctor\u2019s degree at Riga Technical University. Over the last 10 years has actively participated in research on granulation and pyrolytic processes, as well as in projects related to biocomposite material production. Has patented 15 innovations in his field and published 49 scientific articles. Provides SIA HUMICO with expertise and scientific innovations.<\/p>\n<\/div>\n<\/div>\n<\/div><\/div>\n\n<div style=\"height:70px\" aria-hidden=\"true\" class=\"wp-block-spacer\"><\/div>\n\n<div class=\"inherit-container-width wp-block-group alignfull has-background is-layout-constrained\" style=\"background-color:#f4f4f4\"><div class=\"wp-block-group__inner-container\">\n<div class=\"wp-block-columns are-vertically-aligned-center is-layout-flex wp-container-17\">\n<div class=\"wp-block-column is-vertically-aligned-center is-layout-flow\">\n<div class=\"wp-block-buttons is-content-justification-right is-layout-flex wp-container-13\">\n<div class=\"wp-block-button\"><a class=\"wp-block-button__link\" href=\"https:\/\/humico.lv\/en\/humico-products\/\">Products<\/a><\/div>\n<\/div>\n<\/div>\n\n\n\n<div class=\"wp-block-column is-vertically-aligned-center is-layout-flow\">\n<div class=\"wp-block-buttons grean_line_button is-layout-flex\">\n<div class=\"wp-block-button\"><a class=\"wp-block-button__link\" href=\"https:\/\/humico.lv\/en\/usage\/\">Usage<\/a><\/div>\n<\/div>\n<\/div>\n<\/div>\n<\/div><\/div>\n\n<p><\/p>","protected":false},"excerpt":{"rendered":"<p>About us HUMICO is a humus solution Humus bio-molecules help plants retain water and ionised nutrients obtained from organic biomass, compost or other fertilizers. Humic acids contain positive ions (cations) which are more easily absorbed by negatively charged plant roots, thus improving the transfer of micronutrients to a plant\u2019s nutrient system. Addition of organic compounds [&hellip;]<\/p>","protected":false},"author":1,"featured_media":0,"parent":0,"menu_order":0,"comment_status":"closed","ping_status":"closed","template":"","meta":{"_uag_custom_page_level_css":"","site-sidebar-layout":"no-sidebar","site-content-layout":"plain-container","ast-site-content-layout":"","site-content-style":"default","site-sidebar-style":"default","ast-global-header-display":"","ast-banner-title-visibility":"","ast-main-header-display":"","ast-hfb-above-header-display":"","ast-hfb-below-header-display":"","ast-hfb-mobile-header-display":"","site-post-title":"disabled","ast-breadcrumbs-content":"","ast-featured-img":"disabled","footer-sml-layout":"","theme-transparent-header-meta":"default","adv-header-id-meta":"","stick-header-meta":"","header-above-stick-meta":"","header-main-stick-meta":"","header-below-stick-meta":"","astra-migrate-meta-layouts":"default","ast-page-background-enabled":"default","ast-page-background-meta":{"desktop":{"background-color":"","background-image":"","background-repeat":"repeat","background-position":"center center","background-size":"auto","background-attachment":"scroll","background-type":"","background-media":"","overlay-type":"","overlay-color":"","overlay-opacity":"","overlay-gradient":""},"tablet":{"background-color":"","background-image":"","background-repeat":"repeat","background-position":"center center","background-size":"auto","background-attachment":"scroll","background-type":"","background-media":"","overlay-type":"","overlay-color":"","overlay-opacity":"","overlay-gradient":""},"mobile":{"background-color":"","background-image":"","background-repeat":"repeat","background-position":"center center","background-size":"auto","background-attachment":"scroll","background-type":"","background-media":"","overlay-type":"","overlay-color":"","overlay-opacity":"","overlay-gradient":""}},"ast-content-background-meta":{"desktop":{"background-color":"var(--ast-global-color-5)","background-image":"","background-repeat":"repeat","background-position":"center center","background-size":"auto","background-attachment":"scroll","background-type":"","background-media":"","overlay-type":"","overlay-color":"","overlay-opacity":"","overlay-gradient":""},"tablet":{"background-color":"var(--ast-global-color-5)","background-image":"","background-repeat":"repeat","background-position":"center center","background-size":"auto","background-attachment":"scroll","background-type":"","background-media":"","overlay-type":"","overlay-color":"","overlay-opacity":"","overlay-gradient":""},"mobile":{"background-color":"var(--ast-global-color-5)","background-image":"","background-repeat":"repeat","background-position":"center center","background-size":"auto","background-attachment":"scroll","background-type":"","background-media":"","overlay-type":"","overlay-color":"","overlay-opacity":"","overlay-gradient":""}}},"uagb_featured_image_src":{"full":false,"thumbnail":false,"medium":false,"medium_large":false,"large":false,"1536x1536":false,"2048x2048":false,"trp-custom-language-flag":false,"woocommerce_thumbnail":false,"woocommerce_single":false,"woocommerce_gallery_thumbnail":false},"uagb_author_info":{"display_name":"humico","author_link":"https:\/\/humico.lv\/en\/author\/humico\/"},"uagb_comment_info":0,"uagb_excerpt":"About us HUMICO is a humus solution Humus bio-molecules help plants retain water and ionised nutrients obtained from organic biomass, compost or other fertilizers. Humic acids contain positive ions (cations) which are more easily absorbed by negatively charged plant roots, thus improving the transfer of micronutrients to a plant\u2019s nutrient system. Addition of organic compounds&hellip;","_links":{"self":[{"href":"https:\/\/humico.lv\/en\/wp-json\/wp\/v2\/pages\/5711"}],"collection":[{"href":"https:\/\/humico.lv\/en\/wp-json\/wp\/v2\/pages"}],"about":[{"href":"https:\/\/humico.lv\/en\/wp-json\/wp\/v2\/types\/page"}],"author":[{"embeddable":true,"href":"https:\/\/humico.lv\/en\/wp-json\/wp\/v2\/users\/1"}],"replies":[{"embeddable":true,"href":"https:\/\/humico.lv\/en\/wp-json\/wp\/v2\/comments?post=5711"}],"version-history":[{"count":0,"href":"https:\/\/humico.lv\/en\/wp-json\/wp\/v2\/pages\/5711\/revisions"}],"wp:attachment":[{"href":"https:\/\/humico.lv\/en\/wp-json\/wp\/v2\/media?parent=5711"}],"curies":[{"name":"wp","href":"https:\/\/api.w.org\/{rel}","templated":true}]}}