{"id":5713,"date":"2020-09-09T04:32:03","date_gmt":"2020-09-09T01:32:03","guid":{"rendered":"https:\/\/www.humico.lv\/contact\/"},"modified":"2023-08-01T10:59:52","modified_gmt":"2023-08-01T07:59:52","slug":"contact","status":"publish","type":"page","link":"https:\/\/humico.lv\/en\/contact\/","title":{"rendered":"Contact"},"content":{"rendered":"<div class=\"wp-block-cover alignfull contact_bg\" style=\"min-height:511px\"><span aria-hidden=\"true\" class=\"wp-block-cover__background has-background-dim-70 has-background-dim\" style=\"background-color:#07220e\"><\/span><video class=\"wp-block-cover__video-background intrinsic-ignore\" autoplay muted loop playsinline src=\"https:\/\/humico.lv\/wp-content\/uploads\/2022\/03\/bg_kontakti.mp4\" data-object-fit=\"cover\"><\/video><div class=\"wp-block-cover__inner-container\">\r\n<div class=\"wp-block-columns contact-pad padding-both is-layout-flex wp-container-3\">\r\n<div class=\"wp-block-column is-vertically-aligned-top contact-left is-layout-flow\">\r\n<h2 class=\"wp-block-heading\" id=\"office\">Contact Humico<\/h2>\r\n\r\n\r\n\r\n<p><a href=\"tel:+37126374526\" data-type=\"tel\" data-id=\"tel:+37126374526\">Krist\u012bne Irti\u0161eva<\/a>: <a href=\"tel:+371%2026618468\" data-type=\"tel\" data-id=\"tel:+371 26618468\">+371 26618468<\/a><\/p>\r\n\r\n\r\n\r\n<p>Aigars B\u0113rzi\u0146\u0161: <a href=\"tel:+371%2029228102\">+371 29228102<\/a><\/p>\r\n\r\n\r\n\r\n<p><a href=\"info@humico.lv\">i<\/a><a href=\"mailto:info@humico.lv\" data-type=\"mailto\" data-id=\"mailto:info@humico.lv\">nfo@humico.lv<\/a><\/p>\r\n\r\n\r\n\r\n<p><a rel=\"noreferrer noopener\" href=\"https:\/\/goo.gl\/maps\/WQV4dYSh8pJfxchg6\" target=\"_blank\">Latvia, Riga<\/a><\/p>\r\n\r\n\r\n\r\n<h2 class=\"wp-block-heading\" id=\"social-media\">Address<\/h2>\r\n\r\n\r\n\r\n<p>Purva iela 12A, Valmiera, Valmieras nov., LV-4201.<\/p>\r\n\r\n\r\n\r\n<h2 class=\"wp-block-heading\" id=\"social-media\">Follow Humico<\/h2>\r\n\r\n\r\n\r\n<p><a href=\"https:\/\/www.facebook.com\/HumicoLV\">Facebook<\/a><\/p>\r\n\r\n\r\n\r\n<p><a href=\"https:\/\/www.instagram.com\/humicolv\/\">Instagram<\/a><\/p>\r\n<\/div>\r\n\r\n\r\n\r\n<div class=\"wp-block-column is-vertically-aligned-top contact-form-des is-layout-flow\">\r\n<h2 class=\"wp-block-heading\" id=\"leave-us-a-message\">Leave us a message<\/h2>\r\n\r\n\r\n<div class=\"wpforms-container wpforms-container-full\" id=\"wpforms-5374\"><form id=\"wpforms-form-5374\" class=\"wpforms-validate wpforms-form wpforms-ajax-form\" data-formid=\"5374\" method=\"post\" enctype=\"multipart\/form-data\" action=\"\/en\/wp-json\/wp\/v2\/pages\/5713\" data-token=\"ea2d3c2c78ccce3e8d874c78cac66fac\" data-token-time=\"1778430920\" data-trp-original-action=\"\/en\/wp-json\/wp\/v2\/pages\/5713\"><noscript class=\"wpforms-error-noscript\">Please enable JavaScript in your browser to complete this form.<\/noscript><div class=\"wpforms-field-container\"><div id=\"wpforms-5374-field_1-container\" class=\"wpforms-field wpforms-field-name\" data-field-id=\"1\"><label class=\"wpforms-field-label wpforms-label-hide\" for=\"wpforms-5374-field_1\">Your name<\/label><input type=\"text\" id=\"wpforms-5374-field_1\" class=\"wpforms-field-large\" name=\"wpforms[fields][1]\" placeholder=\"Your name\" ><\/div><div id=\"wpforms-5374-field_2-container\" class=\"wpforms-field wpforms-field-email\" data-field-id=\"2\"><label class=\"wpforms-field-label wpforms-label-hide\" for=\"wpforms-5374-field_2\">Your email <span class=\"wpforms-required-label\">*<\/span><\/label><input type=\"email\" id=\"wpforms-5374-field_2\" class=\"wpforms-field-large wpforms-field-required\" name=\"wpforms[fields][2]\" placeholder=\"Your email\" spellcheck=\"false\" required><\/div><div id=\"wpforms-5374-field_3-container\" class=\"wpforms-field wpforms-field-textarea\" data-field-id=\"3\"><label class=\"wpforms-field-label wpforms-label-hide\" for=\"wpforms-5374-field_3\">Your message<\/label><textarea id=\"wpforms-5374-field_3\" class=\"wpforms-field-large\" name=\"wpforms[fields][3]\" placeholder=\"Your message\" ><\/textarea><\/div><\/div><!-- .wpforms-field-container --><div class=\"wpforms-submit-container\" ><input type=\"hidden\" name=\"wpforms[id]\" value=\"5374\"><input type=\"hidden\" name=\"page_title\" value=\"\"><input type=\"hidden\" name=\"page_url\" value=\"https:\/\/humico.lv\/en\/wp-json\/wp\/v2\/pages\/5713\"><input type=\"hidden\" name=\"url_referer\" value=\"\"><button type=\"submit\" name=\"wpforms[submit]\" id=\"wpforms-submit-5374\" class=\"wpforms-submit\" data-alt-text=\"Sending...\" data-submit-text=\"Send\" aria-live=\"assertive\" value=\"wpforms-submit\">Send<\/button><img src=\"https:\/\/humico.lv\/wp-content\/plugins\/wpforms-lite\/assets\/images\/submit-spin.svg\" class=\"wpforms-submit-spinner\" style=\"display: none;\" width=\"26\" height=\"26\" alt=\"Loading\"><\/div><input type=\"hidden\" name=\"trp-form-language\" value=\"en\"\/><\/form><\/div>  <!-- .wpforms-container -->\n<\/div>\r\n<\/div>\r\n<\/div><\/div>\r\n\r\n\r\n\r\n<p><\/p>","protected":false},"excerpt":{"rendered":"","protected":false},"author":1,"featured_media":0,"parent":0,"menu_order":0,"comment_status":"closed","ping_status":"closed","template":"","meta":{"_uag_custom_page_level_css":"","site-sidebar-layout":"no-sidebar","site-content-layout":"plain-container","ast-site-content-layout":"","site-content-style":"default","site-sidebar-style":"default","ast-global-header-display":"","ast-banner-title-visibility":"","ast-main-header-display":"","ast-hfb-above-header-display":"","ast-hfb-below-header-display":"","ast-hfb-mobile-header-display":"","site-post-title":"disabled","ast-breadcrumbs-content":"","ast-featured-img":"disabled","footer-sml-layout":"","theme-transparent-header-meta":"default","adv-header-id-meta":"","stick-header-meta":"","header-above-stick-meta":"","header-main-stick-meta":"","header-below-stick-meta":"","astra-migrate-meta-layouts":"default","ast-page-background-enabled":"default","ast-page-background-meta":{"desktop":{"background-color":"","background-image":"","background-repeat":"repeat","background-position":"center center","background-size":"auto","background-attachment":"scroll","background-type":"","background-media":"","overlay-type":"","overlay-color":"","overlay-opacity":"","overlay-gradient":""},"tablet":{"background-color":"","background-image":"","background-repeat":"repeat","background-position":"center center","background-size":"auto","background-attachment":"scroll","background-type":"","background-media":"","overlay-type":"","overlay-color":"","overlay-opacity":"","overlay-gradient":""},"mobile":{"background-color":"","background-image":"","background-repeat":"repeat","background-position":"center center","background-size":"auto","background-attachment":"scroll","background-type":"","background-media":"","overlay-type":"","overlay-color":"","overlay-opacity":"","overlay-gradient":""}},"ast-content-background-meta":{"desktop":{"background-color":"var(--ast-global-color-5)","background-image":"","background-repeat":"repeat","background-position":"center center","background-size":"auto","background-attachment":"scroll","background-type":"","background-media":"","overlay-type":"","overlay-color":"","overlay-opacity":"","overlay-gradient":""},"tablet":{"background-color":"var(--ast-global-color-5)","background-image":"","background-repeat":"repeat","background-position":"center center","background-size":"auto","background-attachment":"scroll","background-type":"","background-media":"","overlay-type":"","overlay-color":"","overlay-opacity":"","overlay-gradient":""},"mobile":{"background-color":"var(--ast-global-color-5)","background-image":"","background-repeat":"repeat","background-position":"center center","background-size":"auto","background-attachment":"scroll","background-type":"","background-media":"","overlay-type":"","overlay-color":"","overlay-opacity":"","overlay-gradient":""}}},"uagb_featured_image_src":{"full":false,"thumbnail":false,"medium":false,"medium_large":false,"large":false,"1536x1536":false,"2048x2048":false,"trp-custom-language-flag":false,"woocommerce_thumbnail":false,"woocommerce_single":false,"woocommerce_gallery_thumbnail":false},"uagb_author_info":{"display_name":"humico","author_link":"https:\/\/humico.lv\/en\/author\/humico\/"},"uagb_comment_info":0,"uagb_excerpt":null,"_links":{"self":[{"href":"https:\/\/humico.lv\/en\/wp-json\/wp\/v2\/pages\/5713"}],"collection":[{"href":"https:\/\/humico.lv\/en\/wp-json\/wp\/v2\/pages"}],"about":[{"href":"https:\/\/humico.lv\/en\/wp-json\/wp\/v2\/types\/page"}],"author":[{"embeddable":true,"href":"https:\/\/humico.lv\/en\/wp-json\/wp\/v2\/users\/1"}],"replies":[{"embeddable":true,"href":"https:\/\/humico.lv\/en\/wp-json\/wp\/v2\/comments?post=5713"}],"version-history":[{"count":0,"href":"https:\/\/humico.lv\/en\/wp-json\/wp\/v2\/pages\/5713\/revisions"}],"wp:attachment":[{"href":"https:\/\/humico.lv\/en\/wp-json\/wp\/v2\/media?parent=5713"}],"curies":[{"name":"wp","href":"https:\/\/api.w.org\/{rel}","templated":true}]}}