{"id":5721,"date":"2022-03-03T09:32:06","date_gmt":"2022-03-03T06:32:06","guid":{"rendered":"https:\/\/www.humico.lv\/humico-products\/"},"modified":"2022-09-27T12:22:59","modified_gmt":"2022-09-27T09:22:59","slug":"humico-products","status":"publish","type":"page","link":"https:\/\/humico.lv\/en\/humico-products\/","title":{"rendered":"Products"},"content":{"rendered":"<div class=\"inherit-container-width wp-block-group alignfull has-background is-layout-constrained\" style=\"background-color:#edf2ed\"><div class=\"wp-block-group__inner-container\">\n<h2 class=\"wp-block-heading\"><strong>Products<\/strong><\/h2>\n<\/div><\/div>\n\n<div style=\"height:70px\" aria-hidden=\"true\" class=\"wp-block-spacer\"><\/div>\n\n<div class=\"inherit-container-width wp-block-group product_content is-layout-constrained\"><div class=\"wp-block-group__inner-container\"><div data-block-name=\"woocommerce\/product-category\" data-rows=\"1\" data-content-visibility=\"{&quot;image&quot;:true,&quot;title&quot;:true,&quot;price&quot;:true,&quot;rating&quot;:false,&quot;button&quot;:false}\" data-categories=\"[85]\" data-orderby=\"price_asc\" class=\"wc-block-grid wp-block-product-category wc-block-product-category has-3-columns\"><ul class=\"wc-block-grid__products\"><li class=\"wc-block-grid__product\">\n\t\t\t\t<a href=\"https:\/\/humico.lv\/product\/augu-augsanas-veicinatajs-humico-1l-copy\/\" class=\"wc-block-grid__product-link\">\n\t\t\t\t\t<div class=\"wc-block-grid__product-image\"><img width=\"300\" height=\"300\" src=\"https:\/\/humico.lv\/wp-content\/uploads\/2022\/03\/1l-300x300.jpg\" class=\"attachment-woocommerce_thumbnail size-woocommerce_thumbnail\" alt=\"Augu aug\u0161anas veicin\u0101t\u0101js HUMICO 1L\" decoding=\"async\" loading=\"lazy\" srcset=\"https:\/\/humico.lv\/wp-content\/uploads\/2022\/03\/1l-300x300.jpg 300w, https:\/\/humico.lv\/wp-content\/uploads\/2022\/03\/1l-1024x1024.jpg 1024w, https:\/\/humico.lv\/wp-content\/uploads\/2022\/03\/1l-150x150.jpg 150w, https:\/\/humico.lv\/wp-content\/uploads\/2022\/03\/1l-768x768.jpg 768w, https:\/\/humico.lv\/wp-content\/uploads\/2022\/03\/1l-1536x1536.jpg 1536w, https:\/\/humico.lv\/wp-content\/uploads\/2022\/03\/1l-600x600.jpg 600w, https:\/\/humico.lv\/wp-content\/uploads\/2022\/03\/1l-100x100.jpg 100w, https:\/\/humico.lv\/wp-content\/uploads\/2022\/03\/1l.jpg 1823w\" sizes=\"(max-width: 300px) 100vw, 300px\" \/><\/div>\n\t\t\t\t\t<div class=\"wc-block-grid__product-title\">Plant growth enhancer HUMICO 1L<\/div>\n\t\t\t\t<\/a>\n\t\t\t\t\n\t\t\t\t<div class=\"wc-block-grid__product-price price\"><span class=\"woocommerce-Price-amount amount\">5.50&nbsp;<span class=\"woocommerce-Price-currencySymbol\">&euro;<\/span><\/span><\/div>\n\t\t\t\t\n\t\t\t\t\n\t\t\t<\/li><li class=\"wc-block-grid__product\">\n\t\t\t\t<a href=\"https:\/\/humico.lv\/product\/augu-augsanas-veicinatajs-humico-5l-koncentrats\/\" class=\"wc-block-grid__product-link\">\n\t\t\t\t\t<div class=\"wc-block-grid__product-image\"><img width=\"300\" height=\"300\" src=\"https:\/\/humico.lv\/wp-content\/uploads\/2022\/05\/5l-300x300.jpg\" class=\"attachment-woocommerce_thumbnail size-woocommerce_thumbnail\" alt=\"Augu aug\u0161anas veicin\u0101t\u0101js HUMICO 5L Koncentr\u0101ts\" decoding=\"async\" loading=\"lazy\" srcset=\"https:\/\/humico.lv\/wp-content\/uploads\/2022\/05\/5l-300x300.jpg 300w, https:\/\/humico.lv\/wp-content\/uploads\/2022\/05\/5l-150x150.jpg 150w, https:\/\/humico.lv\/wp-content\/uploads\/2022\/05\/5l-100x100.jpg 100w\" sizes=\"(max-width: 300px) 100vw, 300px\" \/><\/div>\n\t\t\t\t\t<div class=\"wc-block-grid__product-title\">Plant growth enhancer HUMICO 5L<\/div>\n\t\t\t\t<\/a>\n\t\t\t\t\n\t\t\t\t<div class=\"wc-block-grid__product-price price\"><span class=\"woocommerce-Price-amount amount\">100.00&nbsp;<span class=\"woocommerce-Price-currencySymbol\">&euro;<\/span><\/span><\/div>\n\t\t\t\t\n\t\t\t\t\n\t\t\t<\/li><li class=\"wc-block-grid__product\">\n\t\t\t\t<a href=\"https:\/\/humico.lv\/product\/augu-augsanas-veicinatajs-humico-20l-koncentrats\/\" class=\"wc-block-grid__product-link\">\n\t\t\t\t\t<div class=\"wc-block-grid__product-image\"><img width=\"300\" height=\"300\" src=\"https:\/\/humico.lv\/wp-content\/uploads\/2022\/05\/5l-300x300.jpg\" class=\"attachment-woocommerce_thumbnail size-woocommerce_thumbnail\" alt=\"Augu aug\u0161anas veicin\u0101t\u0101js HUMICO 20L Koncentr\u0101ts\" decoding=\"async\" loading=\"lazy\" srcset=\"https:\/\/humico.lv\/wp-content\/uploads\/2022\/05\/5l-300x300.jpg 300w, https:\/\/humico.lv\/wp-content\/uploads\/2022\/05\/5l-150x150.jpg 150w, https:\/\/humico.lv\/wp-content\/uploads\/2022\/05\/5l-100x100.jpg 100w\" sizes=\"(max-width: 300px) 100vw, 300px\" \/><\/div>\n\t\t\t\t\t<div class=\"wc-block-grid__product-title\">Plant growth enhancer HUMICO 20L<\/div>\n\t\t\t\t<\/a>\n\t\t\t\t\n\t\t\t\t<div class=\"wc-block-grid__product-price price\"><span class=\"woocommerce-Price-amount amount\">400.00&nbsp;<span class=\"woocommerce-Price-currencySymbol\">&euro;<\/span><\/span><\/div>\n\t\t\t\t\n\t\t\t\t\n\t\t\t<\/li><\/ul><\/div><\/div><\/div>\n\n<div style=\"height:70px\" aria-hidden=\"true\" class=\"wp-block-spacer\"><\/div>\n\n<div class=\"inherit-container-width wp-block-group alignfull product-3b has-background is-layout-constrained\" style=\"background-color:#377947\"><div class=\"wp-block-group__inner-container\">\n<div class=\"wp-block-columns are-vertically-aligned-center is-layout-flex wp-container-6\">\n<div class=\"wp-block-column is-vertically-aligned-center hide-on-mobile is-layout-flow\">\n<p class=\"has-text-align-right has-ast-global-color-5-color has-text-color\"><a href=\"https:\/\/humico.lv\/en\/usage\/\" data-type=\"page\" data-id=\"4433\">See information on product usage<\/a><\/p>\n<\/div>\n\n\n\n<div class=\"wp-block-column is-vertically-aligned-center is-layout-flow\">\n<div class=\"wp-block-buttons white-line-button is-layout-flex\">\n<div class=\"wp-block-button\"><a class=\"wp-block-button__link\" href=\"https:\/\/humico.lv\/en\/usage\/\">Usage<\/a><\/div>\n<\/div>\n<\/div>\n<\/div>\n<\/div><\/div>\n\n<p><\/p>","protected":false},"excerpt":{"rendered":"<p>Products See information on product usage<\/p>","protected":false},"author":1,"featured_media":0,"parent":0,"menu_order":0,"comment_status":"closed","ping_status":"closed","template":"","meta":{"_uag_custom_page_level_css":"","site-sidebar-layout":"default","site-content-layout":"","ast-site-content-layout":"","site-content-style":"default","site-sidebar-style":"default","ast-global-header-display":"","ast-banner-title-visibility":"","ast-main-header-display":"","ast-hfb-above-header-display":"","ast-hfb-below-header-display":"","ast-hfb-mobile-header-display":"","site-post-title":"","ast-breadcrumbs-content":"","ast-featured-img":"","footer-sml-layout":"","theme-transparent-header-meta":"","adv-header-id-meta":"","stick-header-meta":"","header-above-stick-meta":"","header-main-stick-meta":"","header-below-stick-meta":"","astra-migrate-meta-layouts":"default","ast-page-background-enabled":"default","ast-page-background-meta":{"desktop":{"background-color":"","background-image":"","background-repeat":"repeat","background-position":"center center","background-size":"auto","background-attachment":"scroll","background-type":"","background-media":"","overlay-type":"","overlay-color":"","overlay-opacity":"","overlay-gradient":""},"tablet":{"background-color":"","background-image":"","background-repeat":"repeat","background-position":"center center","background-size":"auto","background-attachment":"scroll","background-type":"","background-media":"","overlay-type":"","overlay-color":"","overlay-opacity":"","overlay-gradient":""},"mobile":{"background-color":"","background-image":"","background-repeat":"repeat","background-position":"center center","background-size":"auto","background-attachment":"scroll","background-type":"","background-media":"","overlay-type":"","overlay-color":"","overlay-opacity":"","overlay-gradient":""}},"ast-content-background-meta":{"desktop":{"background-color":"var(--ast-global-color-5)","background-image":"","background-repeat":"repeat","background-position":"center center","background-size":"auto","background-attachment":"scroll","background-type":"","background-media":"","overlay-type":"","overlay-color":"","overlay-opacity":"","overlay-gradient":""},"tablet":{"background-color":"var(--ast-global-color-5)","background-image":"","background-repeat":"repeat","background-position":"center center","background-size":"auto","background-attachment":"scroll","background-type":"","background-media":"","overlay-type":"","overlay-color":"","overlay-opacity":"","overlay-gradient":""},"mobile":{"background-color":"var(--ast-global-color-5)","background-image":"","background-repeat":"repeat","background-position":"center center","background-size":"auto","background-attachment":"scroll","background-type":"","background-media":"","overlay-type":"","overlay-color":"","overlay-opacity":"","overlay-gradient":""}}},"uagb_featured_image_src":{"full":false,"thumbnail":false,"medium":false,"medium_large":false,"large":false,"1536x1536":false,"2048x2048":false,"trp-custom-language-flag":false,"woocommerce_thumbnail":false,"woocommerce_single":false,"woocommerce_gallery_thumbnail":false},"uagb_author_info":{"display_name":"humico","author_link":"https:\/\/humico.lv\/en\/author\/humico\/"},"uagb_comment_info":0,"uagb_excerpt":"Products See information on product usage","_links":{"self":[{"href":"https:\/\/humico.lv\/en\/wp-json\/wp\/v2\/pages\/5721"}],"collection":[{"href":"https:\/\/humico.lv\/en\/wp-json\/wp\/v2\/pages"}],"about":[{"href":"https:\/\/humico.lv\/en\/wp-json\/wp\/v2\/types\/page"}],"author":[{"embeddable":true,"href":"https:\/\/humico.lv\/en\/wp-json\/wp\/v2\/users\/1"}],"replies":[{"embeddable":true,"href":"https:\/\/humico.lv\/en\/wp-json\/wp\/v2\/comments?post=5721"}],"version-history":[{"count":0,"href":"https:\/\/humico.lv\/en\/wp-json\/wp\/v2\/pages\/5721\/revisions"}],"wp:attachment":[{"href":"https:\/\/humico.lv\/en\/wp-json\/wp\/v2\/media?parent=5721"}],"curies":[{"name":"wp","href":"https:\/\/api.w.org\/{rel}","templated":true}]}}