{"id":5725,"date":"2022-09-23T16:11:14","date_gmt":"2022-09-23T13:11:14","guid":{"rendered":"https:\/\/www.humico.lv\/publicity\/"},"modified":"2022-09-27T11:07:24","modified_gmt":"2022-09-27T08:07:24","slug":"publicity","status":"publish","type":"page","link":"https:\/\/humico.lv\/en\/publicity\/","title":{"rendered":"Publicity"},"content":{"rendered":"<div class=\"inherit-container-width wp-block-group alignfull has-background is-layout-constrained\" style=\"background-color:#edf2ed\"><div class=\"wp-block-group__inner-container\">\n<h2 class=\"wp-block-heading\"><strong>Publicity<\/strong><\/h2>\n<\/div><\/div>\n\n\t\t\t<div class=\"wp-block-uagb-post-grid uagb-post-grid  uagb-post__image-position-top uagb-post__image-enabled uagb-block-2a09f2cb     uagb-post__items uagb-post__columns-3 is-grid uagb-post__columns-tablet-2 uagb-post__columns-mobile-1 uagb-post__equal-height\" data-total=\"1\" style=\"\">\n\n\t\t\t\t\t\t\t\t\t\t\t\t<article class=\"uagb-post__inner-wrap\">\t\t\t\t\t\t\t\t<div class='uagb-post__image'>\n\t\t\t\t\t\t\t\t\t<a href=\"https:\/\/humico.lv\/en\/augu-augsanas-veicinatajs\/\" target=\"_self\" rel=\"bookmark noopener noreferrer\" class='uagb-image-ratio-inherit'><img width=\"1024\" height=\"601\" src=\"https:\/\/humico.lv\/wp-content\/uploads\/2022\/05\/augs-bez-fona-1024x601.png\" class=\"attachment-large size-large\" alt=\"\" decoding=\"async\" loading=\"lazy\" srcset=\"https:\/\/humico.lv\/wp-content\/uploads\/2022\/05\/augs-bez-fona-1024x601.png 1024w, https:\/\/humico.lv\/wp-content\/uploads\/2022\/05\/augs-bez-fona-300x176.png 300w, https:\/\/humico.lv\/wp-content\/uploads\/2022\/05\/augs-bez-fona-768x451.png 768w, https:\/\/humico.lv\/wp-content\/uploads\/2022\/05\/augs-bez-fona-600x352.png 600w, https:\/\/humico.lv\/wp-content\/uploads\/2022\/05\/augs-bez-fona.png 1245w\" sizes=\"(max-width: 1024px) 100vw, 1024px\" \/>\t\t\t\t\t<\/a>\n\t\t\t\t\t\t\t<\/div>\n\t\t\t\t\t\t<div class='uagb-post__text uagb-post-grid-byline'>\n\t\t\t\t\t\t\t\t<time datetime=\"2023-04-14T11:59:35+03:00\" class=\"uagb-post__date\">\n\t\t\t\t<span class=\"dashicons-calendar dashicons\"><\/span>\t\t\t\t\t14\/04\/2023\t\t\t\t<\/time>\n\t\t\t\t\t\t\t<span class=\"uagb-post__comment\">\n\t\t\t\t<span class=\"dashicons-admin-comments dashicons\"><\/span>\t\t\t\t\tNo Comments\t\t\t\t<\/span>\n\t\t\t\t\t\t<\/div>\n\t\t\t\t\t\t<h4 class=\"uagb-post__title uagb-post__text\">\n\t\t\t\t<a href=\"https:\/\/humico.lv\/en\/augu-augsanas-veicinatajs\/\" target=\"_self\" rel=\"bookmark noopener noreferrer\">augu aug\u0161anas veicin\u0101t\u0101js<\/a>\n\t\t\t<\/h4>\n\t\t\t\t\t\t\t<div class='uagb-post__text uagb-post__excerpt'>\n\t\t\t\t\t<p>Augu aug\u0161anas veicin\u0101t\u0101js aasdasd asdasdad asdasdas Publikacija: humico.lv Atpaka\u013c<\/p>\n\t\t\t\t<\/div>\n\t\t\t\n\t\t\t\t\t\t\t\t\t<\/article>\n\t\t\t\t\t\t\t\t\t\t\t\t\t\t\t\t<article class=\"uagb-post__inner-wrap\">\t\t\t\t\t\t\t\t<div class='uagb-post__image'>\n\t\t\t\t\t\t\t\t\t<a href=\"https:\/\/humico.lv\/en\/creating-an-innovation-for-more-effective-farming\/\" target=\"_self\" rel=\"bookmark noopener noreferrer\" class='uagb-image-ratio-inherit'><img width=\"800\" height=\"600\" src=\"https:\/\/humico.lv\/wp-content\/uploads\/2022\/03\/blogs-11.jpg\" class=\"attachment-large size-large\" alt=\"\" decoding=\"async\" loading=\"lazy\" srcset=\"https:\/\/humico.lv\/wp-content\/uploads\/2022\/03\/blogs-11.jpg 800w, https:\/\/humico.lv\/wp-content\/uploads\/2022\/03\/blogs-11-600x450.jpg 600w, https:\/\/humico.lv\/wp-content\/uploads\/2022\/03\/blogs-11-300x225.jpg 300w, https:\/\/humico.lv\/wp-content\/uploads\/2022\/03\/blogs-11-768x576.jpg 768w\" sizes=\"(max-width: 800px) 100vw, 800px\" \/>\t\t\t\t\t<\/a>\n\t\t\t\t\t\t\t<\/div>\n\t\t\t\t\t\t<div class='uagb-post__text uagb-post-grid-byline'>\n\t\t\t\t\t\t\t\t<time datetime=\"2022-09-24T08:22:19+03:00\" class=\"uagb-post__date\">\n\t\t\t\t<span class=\"dashicons-calendar dashicons\"><\/span>\t\t\t\t\t24\/09\/2022\t\t\t\t<\/time>\n\t\t\t\t\t\t\t<span class=\"uagb-post__comment\">\n\t\t\t\t<span class=\"dashicons-admin-comments dashicons\"><\/span>\t\t\t\t\tNo Comments\t\t\t\t<\/span>\n\t\t\t\t\t\t<\/div>\n\t\t\t\t\t\t<h4 class=\"uagb-post__title uagb-post__text\">\n\t\t\t\t<a href=\"https:\/\/humico.lv\/en\/creating-an-innovation-for-more-effective-farming\/\" target=\"_self\" rel=\"bookmark noopener noreferrer\">Creating an innovation for more effective farming<\/a>\n\t\t\t<\/h4>\n\t\t\t\t\t\t\t<div class='uagb-post__text uagb-post__excerpt'>\n\t\t\t\t\t<p>Krist\u012bne Irti\u0161eva, post-graduate student at Riga Technical University (RTU) Faculty of Materials Engineering and Applied&#8230;\t\t\t\t<\/div>\n\t\t\t\n\t\t\t\t\t\t\t\t\t<\/article>\n\t\t\t\t\t\t\t\t\t\t\t\t\t\t\t\t<article class=\"uagb-post__inner-wrap\">\t\t\t\t\t\t\t\t<div class='uagb-post__image'>\n\t\t\t\t\t\t\t\t\t<a href=\"https:\/\/humico.lv\/en\/peat-as-an-opportunity\/\" target=\"_self\" rel=\"bookmark noopener noreferrer\" class='uagb-image-ratio-inherit'><img width=\"800\" height=\"600\" src=\"https:\/\/humico.lv\/wp-content\/uploads\/2022\/03\/labs-of-latvia.jpg\" class=\"attachment-large size-large\" alt=\"\" decoding=\"async\" loading=\"lazy\" srcset=\"https:\/\/humico.lv\/wp-content\/uploads\/2022\/03\/labs-of-latvia.jpg 800w, https:\/\/humico.lv\/wp-content\/uploads\/2022\/03\/labs-of-latvia-600x450.jpg 600w, https:\/\/humico.lv\/wp-content\/uploads\/2022\/03\/labs-of-latvia-300x225.jpg 300w, https:\/\/humico.lv\/wp-content\/uploads\/2022\/03\/labs-of-latvia-768x576.jpg 768w\" sizes=\"(max-width: 800px) 100vw, 800px\" \/>\t\t\t\t\t<\/a>\n\t\t\t\t\t\t\t<\/div>\n\t\t\t\t\t\t<div class='uagb-post__text uagb-post-grid-byline'>\n\t\t\t\t\t\t\t\t<time datetime=\"2022-03-10T20:01:13+03:00\" class=\"uagb-post__date\">\n\t\t\t\t<span class=\"dashicons-calendar dashicons\"><\/span>\t\t\t\t\t10\/03\/2022\t\t\t\t<\/time>\n\t\t\t\t\t\t\t<span class=\"uagb-post__comment\">\n\t\t\t\t<span class=\"dashicons-admin-comments dashicons\"><\/span>\t\t\t\t\tNo Comments\t\t\t\t<\/span>\n\t\t\t\t\t\t<\/div>\n\t\t\t\t\t\t<h4 class=\"uagb-post__title uagb-post__text\">\n\t\t\t\t<a href=\"https:\/\/humico.lv\/en\/peat-as-an-opportunity\/\" target=\"_self\" rel=\"bookmark noopener noreferrer\">Peat as an opportunity<\/a>\n\t\t\t<\/h4>\n\t\t\t\t\t\t\t<div class='uagb-post__text uagb-post__excerpt'>\n\t\t\t\t\t<p>Krist\u012bne Irti\u0161eva, post-graduate student at Riga Technical University (RTU) Faculty of Materials Engineering and Applied&#8230;\t\t\t\t<\/div>\n\t\t\t\n\t\t\t\t\t\t\t\t\t<\/article>\n\t\t\t\t\t\t\t\t\t\t\t\t\t\t\t\t<article class=\"uagb-post__inner-wrap\">\t\t\t\t\t\t\t\t<div class='uagb-post__image'>\n\t\t\t\t\t\t\t\t\t<a href=\"https:\/\/humico.lv\/en\/an-innovative-soil-enhancer-made-in-latvia\/\" target=\"_self\" rel=\"bookmark noopener noreferrer\" class='uagb-image-ratio-inherit'><img width=\"800\" height=\"600\" src=\"https:\/\/humico.lv\/wp-content\/uploads\/2022\/03\/lsm.jpg\" class=\"attachment-large size-large\" alt=\"\" decoding=\"async\" loading=\"lazy\" srcset=\"https:\/\/humico.lv\/wp-content\/uploads\/2022\/03\/lsm.jpg 800w, https:\/\/humico.lv\/wp-content\/uploads\/2022\/03\/lsm-600x450.jpg 600w, https:\/\/humico.lv\/wp-content\/uploads\/2022\/03\/lsm-300x225.jpg 300w, https:\/\/humico.lv\/wp-content\/uploads\/2022\/03\/lsm-768x576.jpg 768w\" sizes=\"(max-width: 800px) 100vw, 800px\" \/>\t\t\t\t\t<\/a>\n\t\t\t\t\t\t\t<\/div>\n\t\t\t\t\t\t<div class='uagb-post__text uagb-post-grid-byline'>\n\t\t\t\t\t\t\t\t<time datetime=\"2022-03-10T19:56:54+03:00\" class=\"uagb-post__date\">\n\t\t\t\t<span class=\"dashicons-calendar dashicons\"><\/span>\t\t\t\t\t10\/03\/2022\t\t\t\t<\/time>\n\t\t\t\t\t\t\t<span class=\"uagb-post__comment\">\n\t\t\t\t<span class=\"dashicons-admin-comments dashicons\"><\/span>\t\t\t\t\tNo Comments\t\t\t\t<\/span>\n\t\t\t\t\t\t<\/div>\n\t\t\t\t\t\t<h4 class=\"uagb-post__title uagb-post__text\">\n\t\t\t\t<a href=\"https:\/\/humico.lv\/en\/an-innovative-soil-enhancer-made-in-latvia\/\" target=\"_self\" rel=\"bookmark noopener noreferrer\">An innovative soil enhancer made in Latvia<\/a>\n\t\t\t<\/h4>\n\t\t\t\t\t\t\t<div class='uagb-post__text uagb-post__excerpt'>\n\t\t\t\t\t<p>We all know what peat is. Farmers and gardeners know how well various plants grow&#8230;\t\t\t\t<\/div>\n\t\t\t\n\t\t\t\t\t\t\t\t\t<\/article>\n\t\t\t\t\t\t\t\t\t\t\t\t\t\t\t\t<article class=\"uagb-post__inner-wrap\">\t\t\t\t\t\t\t\t<div class='uagb-post__image'>\n\t\t\t\t\t\t\t\t\t<a href=\"https:\/\/humico.lv\/en\/peat-coffee-maker\/\" target=\"_self\" rel=\"bookmark noopener noreferrer\" class='uagb-image-ratio-inherit'><img width=\"800\" height=\"600\" src=\"https:\/\/humico.lv\/wp-content\/uploads\/2022\/03\/ir.jpg\" class=\"attachment-large size-large\" alt=\"\" decoding=\"async\" loading=\"lazy\" srcset=\"https:\/\/humico.lv\/wp-content\/uploads\/2022\/03\/ir.jpg 800w, https:\/\/humico.lv\/wp-content\/uploads\/2022\/03\/ir-600x450.jpg 600w, https:\/\/humico.lv\/wp-content\/uploads\/2022\/03\/ir-300x225.jpg 300w, https:\/\/humico.lv\/wp-content\/uploads\/2022\/03\/ir-768x576.jpg 768w\" sizes=\"(max-width: 800px) 100vw, 800px\" \/>\t\t\t\t\t<\/a>\n\t\t\t\t\t\t\t<\/div>\n\t\t\t\t\t\t<div class='uagb-post__text uagb-post-grid-byline'>\n\t\t\t\t\t\t\t\t<time datetime=\"2022-03-03T13:01:46+03:00\" class=\"uagb-post__date\">\n\t\t\t\t<span class=\"dashicons-calendar dashicons\"><\/span>\t\t\t\t\t03\/03\/2022\t\t\t\t<\/time>\n\t\t\t\t\t\t\t<span class=\"uagb-post__comment\">\n\t\t\t\t<span class=\"dashicons-admin-comments dashicons\"><\/span>\t\t\t\t\tNo Comments\t\t\t\t<\/span>\n\t\t\t\t\t\t<\/div>\n\t\t\t\t\t\t<h4 class=\"uagb-post__title uagb-post__text\">\n\t\t\t\t<a href=\"https:\/\/humico.lv\/en\/peat-coffee-maker\/\" target=\"_self\" rel=\"bookmark noopener noreferrer\">Peat coffee maker<\/a>\n\t\t\t<\/h4>\n\t\t\t\t\t\t\t<div class='uagb-post__text uagb-post__excerpt'>\n\t\t\t\t\t<p>The lab where the young RTU scientist Krist\u012bne Irti\u0161eva works along with her colleague Andrejs&#8230;\t\t\t\t<\/div>\n\t\t\t\n\t\t\t\t\t\t\t\t\t<\/article>\n\t\t\t\t\t\t\t\t\t\t\t<\/div>","protected":false},"excerpt":{"rendered":"<p>Publicity<\/p>","protected":false},"author":1,"featured_media":0,"parent":0,"menu_order":0,"comment_status":"closed","ping_status":"closed","template":"","meta":{"_uag_custom_page_level_css":"","site-sidebar-layout":"default","site-content-layout":"","ast-site-content-layout":"","site-content-style":"default","site-sidebar-style":"default","ast-global-header-display":"","ast-banner-title-visibility":"","ast-main-header-display":"","ast-hfb-above-header-display":"","ast-hfb-below-header-display":"","ast-hfb-mobile-header-display":"","site-post-title":"","ast-breadcrumbs-content":"","ast-featured-img":"","footer-sml-layout":"","theme-transparent-header-meta":"","adv-header-id-meta":"","stick-header-meta":"","header-above-stick-meta":"","header-main-stick-meta":"","header-below-stick-meta":"","astra-migrate-meta-layouts":"default","ast-page-background-enabled":"default","ast-page-background-meta":{"desktop":{"background-color":"","background-image":"","background-repeat":"repeat","background-position":"center center","background-size":"auto","background-attachment":"scroll","background-type":"","background-media":"","overlay-type":"","overlay-color":"","overlay-opacity":"","overlay-gradient":""},"tablet":{"background-color":"","background-image":"","background-repeat":"repeat","background-position":"center center","background-size":"auto","background-attachment":"scroll","background-type":"","background-media":"","overlay-type":"","overlay-color":"","overlay-opacity":"","overlay-gradient":""},"mobile":{"background-color":"","background-image":"","background-repeat":"repeat","background-position":"center center","background-size":"auto","background-attachment":"scroll","background-type":"","background-media":"","overlay-type":"","overlay-color":"","overlay-opacity":"","overlay-gradient":""}},"ast-content-background-meta":{"desktop":{"background-color":"var(--ast-global-color-5)","background-image":"","background-repeat":"repeat","background-position":"center center","background-size":"auto","background-attachment":"scroll","background-type":"","background-media":"","overlay-type":"","overlay-color":"","overlay-opacity":"","overlay-gradient":""},"tablet":{"background-color":"var(--ast-global-color-5)","background-image":"","background-repeat":"repeat","background-position":"center center","background-size":"auto","background-attachment":"scroll","background-type":"","background-media":"","overlay-type":"","overlay-color":"","overlay-opacity":"","overlay-gradient":""},"mobile":{"background-color":"var(--ast-global-color-5)","background-image":"","background-repeat":"repeat","background-position":"center center","background-size":"auto","background-attachment":"scroll","background-type":"","background-media":"","overlay-type":"","overlay-color":"","overlay-opacity":"","overlay-gradient":""}}},"uagb_featured_image_src":{"full":false,"thumbnail":false,"medium":false,"medium_large":false,"large":false,"1536x1536":false,"2048x2048":false,"trp-custom-language-flag":false,"woocommerce_thumbnail":false,"woocommerce_single":false,"woocommerce_gallery_thumbnail":false},"uagb_author_info":{"display_name":"humico","author_link":"https:\/\/humico.lv\/en\/author\/humico\/"},"uagb_comment_info":0,"uagb_excerpt":"Publicity","_links":{"self":[{"href":"https:\/\/humico.lv\/en\/wp-json\/wp\/v2\/pages\/5725"}],"collection":[{"href":"https:\/\/humico.lv\/en\/wp-json\/wp\/v2\/pages"}],"about":[{"href":"https:\/\/humico.lv\/en\/wp-json\/wp\/v2\/types\/page"}],"author":[{"embeddable":true,"href":"https:\/\/humico.lv\/en\/wp-json\/wp\/v2\/users\/1"}],"replies":[{"embeddable":true,"href":"https:\/\/humico.lv\/en\/wp-json\/wp\/v2\/comments?post=5725"}],"version-history":[{"count":0,"href":"https:\/\/humico.lv\/en\/wp-json\/wp\/v2\/pages\/5725\/revisions"}],"wp:attachment":[{"href":"https:\/\/humico.lv\/en\/wp-json\/wp\/v2\/media?parent=5725"}],"curies":[{"name":"wp","href":"https:\/\/api.w.org\/{rel}","templated":true}]}}